{"id":2093,"date":"2023-04-10T13:55:14","date_gmt":"2023-04-10T11:55:14","guid":{"rendered":"https:\/\/mice.hattonlive.com\/?page_id=2093"},"modified":"2023-04-10T13:55:14","modified_gmt":"2023-04-10T11:55:14","slug":"privay-policy-2","status":"publish","type":"page","link":"https:\/\/mice.hattonlive.com\/en\/privay-policy-2\/","title":{"rendered":"Privay policy"},"content":{"rendered":"\r\n[et_pb_section fb_built=&#8221;1&#8243; module_class=&#8221;testimonio_section&#8221; _builder_version=&#8221;4.14.4&#8243; _module_preset=&#8221;default&#8221; hover_enabled=&#8221;0&#8243; locked=&#8221;off&#8221; global_colors_info=&#8221;{}&#8221; sticky_enabled=&#8221;0&#8243; custom_padding=&#8221;||35px||false|false&#8221;][et_pb_row _builder_version=&#8221;4.14.4&#8243; _module_preset=&#8221;default&#8221; hover_enabled=&#8221;0&#8243; global_colors_info=&#8221;{}&#8221; custom_padding=&#8221;||0px||false|false&#8221; sticky_enabled=&#8221;0&#8243;][et_pb_column type=&#8221;4_4&#8243; _builder_version=&#8221;4.14.2&#8243; _module_preset=&#8221;default&#8221; global_colors_info=&#8221;{}&#8221;][et_pb_text admin_label=&#8221;Texto&#8221; _builder_version=&#8221;4.14.4&#8243; _module_preset=&#8221;default&#8221; text_font=&#8221;Montserrat|700|||||||&#8221; text_text_color=&#8221;#000000&#8243; text_font_size=&#8221;40px&#8221; text_line_height=&#8221;130%&#8221; text_orientation=&#8221;center&#8221; custom_margin=&#8221;||0px||false|false&#8221; global_colors_info=&#8221;{}&#8221;]<h2>Pol\u00edtica de privacidad<\/h2>[\/et_pb_text][et_pb_image src=&#8221;https:\/\/mice.hattonlive.com\/wp-content\/uploads\/2021\/12\/divider.png&#8221; title_text=&#8221;divider&#8221; align=&#8221;center&#8221; _builder_version=&#8221;4.14.2&#8243; _module_preset=&#8221;default&#8221; custom_margin=&#8221;10px||||false|false&#8221; global_colors_info=&#8221;{}&#8221;][\/et_pb_image][et_pb_text _builder_version=&#8221;4.14.4&#8243; _module_preset=&#8221;default&#8221; hover_enabled=&#8221;0&#8243; sticky_enabled=&#8221;0&#8243;]<p style=\"text-align: center;\"><span>Hatton events travels informa sobre los ficheros y tratamientos<\/span><\/p>[\/et_pb_text][\/et_pb_column][\/et_pb_row][\/et_pb_section][et_pb_section fb_built=&#8221;1&#8243; theme_builder_area=&#8221;post_content&#8221; _builder_version=&#8221;4.14.4&#8243; _module_preset=&#8221;default&#8221; custom_padding=&#8221;35px||||false|false&#8221; hover_enabled=&#8221;0&#8243; sticky_enabled=&#8221;0&#8243;][et_pb_row _builder_version=&#8221;4.14.4&#8243; _module_preset=&#8221;default&#8221; theme_builder_area=&#8221;post_content&#8221; custom_margin=&#8221;0px||||false|false&#8221; custom_padding=&#8221;0px||||false|false&#8221; hover_enabled=&#8221;0&#8243; sticky_enabled=&#8221;0&#8243;][et_pb_column _builder_version=&#8221;4.14.4&#8243; _module_preset=&#8221;default&#8221; type=&#8221;4_4&#8243; theme_builder_area=&#8221;post_content&#8221;][et_pb_text _builder_version=&#8221;4.14.4&#8243; _module_preset=&#8221;default&#8221; theme_builder_area=&#8221;post_content&#8221; hover_enabled=&#8221;0&#8243; sticky_enabled=&#8221;0&#8243;]Conforme a la Ley Org\u00e1nica 3\/2018, de 5 de diciembre, de Protecci\u00f3n de Datos Personales y garant\u00eda de los derechos digitales (LOPDGDD), y al Reglamento (UE) del Parlamento Europeo y del Consejo de 27 de abril de 2016 relativo a la protecci\u00f3n de las personas f\u00edsicas en lo que respecta al tratamiento de datos personales o Reglamento General de Protecci\u00f3n de Datos (RGPD); le informamos que sus datos personales de contacto han sido incorporados a un fichero denominado DATOS FORMULARIO WEB, del que es responsable <strong>HATTON EVENTS S.L.L<\/strong>., cuya finalidad es la gesti\u00f3n de las consultas realizadas por los usuarios a trav\u00e9s de la web; todos elementos definidos en el Registro de Actividades de Tratamiento de la empresa. Si desea ejercitar sus derechos reconocidos en los arts. 12 a 18 de la LOPDGDD (derechos ARSULIPO) de acceso, rectificaci\u00f3n, supresi\u00f3n, limitaci\u00f3n, oposici\u00f3n o portabilidad; podr\u00e1 dirigirse por escrito a la siguiente direcci\u00f3n electr\u00f3nica:<a href=\"mailto:info@hattonevents.com\">info@hattonevents.com<\/a>\r\n\r\nDe manera general, los campos de los formularios que se hallan en la web y que son marcados como obligatorios, tienen que ser necesariamente cumplimentados para la correcta tramitaci\u00f3n de sus solicitudes.\r\n\r\n<strong>1. FINALIDADES DE LOS TRATAMIENTOS Y CESIONES PREVISTAS.<\/strong>\r\n<ul>\r\n\t<li><strong>ALTA DE USUARIO<\/strong>: Los datos personales que se recogen mediante los formularios de alta de usuario, ser\u00e1n tratados para el control y la gesti\u00f3n de la relaci\u00f3n con los usuarios registrados, as\u00ed como para la administraci\u00f3n, la gesti\u00f3n y el control de la Web y de sus \u00e1reas de acceso restringido. Estos datos tambi\u00e9n ser\u00e1n tratados para fines estad\u00edsticos y de mejora de la web y de nuestros servicios. Una vez registrado en HATTON EVENTS el usuario podr\u00e1 consultar el historial de sus reservas, as\u00ed como acceder a su perfil y a los datos a la p\u00e1gina proporcionados y actualizar la informaci\u00f3n que aport\u00f3 en su registro. Las contrase\u00f1as para acceder a las cuentas de usuarios registrados son personales, confidenciales e intransferibles a otras personas sean o no usuarios de la web. Los usuarios registrados son los \u00fanicos responsables de mantener la confidencialidad y seguridad de su cuenta, asumiendo exclusivamente ellos las consecuencias del uso y la gesti\u00f3n de las mismas. Los usuarios se comprometen a notificar inmediatamente a <strong>HATTON EVENTS<\/strong> cualquier alteraci\u00f3n en su vulnerabilidad o incidencia as\u00ed como de la seguridad de su cuenta.<\/li>\r\n\t<li><strong>PRESUPUESTOS<\/strong>: Los datos proporcionados en las solicitudes de presupuestos ser\u00e1n tratados para la tramitaci\u00f3n y el seguimiento comercial de las mismas, consintiendo a tal efecto a que nuestros agentes puedan contactar con el usuario para hacer un seguimiento Comercial del mismo. Dichos datos ser\u00e1n igualmente tratados con fines estad\u00edsticos y comerciales.<\/li>\r\n\t<li><strong>CONTRATACI\u00d3N DE SERVICIOS Y\/O PRODUCTOS<\/strong>: Los datos de clientes ser\u00e1n tratados para la gesti\u00f3n administrativa y econ\u00f3mica en la relaci\u00f3n de <strong>HATTON EVENTS<\/strong> con los mismos, as\u00ed como para fines estad\u00edsticos y de mejora de la web. Los datos de viajeros ser\u00e1n tratados para la gesti\u00f3n del sistema de reservas y la emisi\u00f3n de la documentaci\u00f3n necesaria para la realizaci\u00f3n del viaje. Para la correcta tramitaci\u00f3n de la reserva, estos datos ser\u00e1n comunicados a las empresas cuyos servicios se incluyen en el viaje contratado y\/o a empresas gestoras de sistemas globales de reservas, como la entidad <strong>AMADEUS GLOBAL TRAVEL DISTRIBUTION<\/strong>, consintiendo necesaria y expresamente los viajeros afectados a la transferencia internacional de sus datos, cuando dichas empresas se encuentren fuera del Espacio Econ\u00f3mico Europeo cumpliendo igualmente los requerimientos solicitados por dichos Estados en cuesti\u00f3n de cumplimiento de normas legales y de seguridad.<\/li>\r\n\t<li><strong>CONTACTO TELEF\u00d3NICO<\/strong>. Por motivo de seguridad y de control de calidad, las llamadas realizadas a nuestros tel\u00e9fonos de contacto y por nuestros agentes podr\u00e1n ser grabadas en aras de garantizar la seguridad en las transacciones relativas a sus reservas. Los datos personales que se recojan durante estas llamadas ser\u00e1n usados para la tramitaci\u00f3n de sus solicitudes. Si no desea que la llamada sea grabada, deber\u00e1 indic\u00e1rselo al agente que le atienda.<\/li>\r\n\t<li><strong>CONTACTO Y CONSULTAS<\/strong>: Los datos personales proporcionados mediante el formulario de contacto o en las consultas que formule, ser\u00e1n tratados para la atenci\u00f3n a las mismas y\/o reservas, as\u00ed como para mejorar la calidad de la web. En caso de proporcionar datos relativos a su salud, el usuario consiente expresamente el tratamiento de los mismos para la correcta atenci\u00f3n a su reclamaci\u00f3n. En funci\u00f3n del asunto, los destinatarios de su informaci\u00f3n personal podr\u00e1n ser, entre otros, administraciones o entidades p\u00fablicas, organismos oficiales, procuradores, jueces y tribunales o entidades aseguradoras en aras de su seguridad as\u00ed como de la completa y necesaria informaci\u00f3n relativa a pasajeros y usuarios para los proveedores. Sus datos ser\u00e1n igualmente comunicados a los proveedores cuyos servicios se incluyen en el viaje objeto del contrato. Usted consiente necesaria y expresamente la transferencia internacional de sus datos, cuando las empresas antes aludidas se encuentren fuera del Espacio Econ\u00f3mico Europeo.<\/li>\r\n<\/ul>\r\n<strong>2. PUBLICIDAD Y TRATAMIENTOS CON FINES COMERCIALES Y DE FIDELIZACI\u00d3N EN HATTON EVENTS<\/strong>. Si usted as\u00ed lo ha manifestado en el momento de proporcionar sus datos, mediante la configuraci\u00f3n de su cuenta o si se ha dado de alta en la Newsletter, sus datos ser\u00e1n tratados por la empresa <strong>HATTON EVENTS S.L.L<\/strong>, titular de esta web para informarle de forma personalizado, por cualquier medio, incluso electr\u00f3nicos o telef\u00f3nicos, sobre productos o servicios comercializados por <strong>HATTON EVENTS<\/strong> y relativos a los siguientes sectores: tur\u00edstico, automoci\u00f3n, ocio, arte y cultura todos ellos relacionados siempre con la naturaleza y actividad empresarial. Sus datos ser\u00e1n igualmente incorporados al fichero de <strong>CLIENTES Y USUARIOS<\/strong> de <strong>HATTON EVENTS S.L.L<\/strong>. La web dispone de un tel\u00e9fono al que dirigirse para recibir asesoramiento personalizado por parte de nuestros agentes de viajes que es el 91 000 60 10 disponible en horario comercial. Igualmente, si al guardar presupuesto de alguno de nuestros productos ha facilitado un tel\u00e9fono de contacto, uno de nuestros agentes se podr\u00eda poner en contacto con usted para asesorarle sobre el mismo. En ambos casos el horario de atenci\u00f3n de nuestros agentes es de lunes a viernes de 09.00 horas a 19.30 horas. Si no desea recibir comunicaciones comerciales de <strong>HATTON EVENTS S.L.L<\/strong>, puede actualizar sus preferencias en su perfil accesible desde su cuenta en la web. Puede igualmente enviar un email a la siguiente direcci\u00f3n de correo electr\u00f3nico: info@hattonevents.com Podr\u00e1 igualmente revocar su consentimiento para los fines antes se\u00f1alados seg\u00fan m\u00e1s abajo se indica en el apartado \u201cDerechos del Interesado\u201d.\r\n\r\n<strong>3. COMENTARIOS EN REDES SOCIALES.<\/strong> La utilizaci\u00f3n de las redes sociales gestionadas por <strong>HATTON EVENTS S.L.<\/strong> y de otras herramientas participativas, as\u00ed como la publicaci\u00f3n de comentarios en esta web, se somete a las condiciones que se relacionan a continuaci\u00f3n. Se se\u00f1ala que toda la informaci\u00f3n que se encuentra en las p\u00e1ginas y perfiles de redes sociales y los comentarios, se convertir\u00e1n en informaci\u00f3n p\u00fablica, por lo que los usuarios deben tener especial cautela cuando decida compartir su informaci\u00f3n personal. El usuario se compromete a hacer un uso adecuado en publicaci\u00f3n de comentarios en la Web. En particular, pero no limitativamente, el usuario se compromete a no introducir datos y\/o comentarios que:\r\n<ul>\r\n\t<li><strong>Incurran<\/strong> en actividades il\u00edcitas, ilegales o contrarias a la buena fe y el orden p\u00fablico.<\/li>\r\n\t<li><strong>Difundan<\/strong> contenidos o propaganda de car\u00e1cter racista, xen\u00f3fobo, pornogr\u00e1fico, de apolog\u00eda del terrorismo o atentatorio contra los derechos humanos.<\/li>\r\n\t<li><strong>Incluyan<\/strong> contenidos que supongan una violaci\u00f3n de los derechos de propiedad intelectual e industrial.<\/li>\r\n\t<li><strong>Atenten<\/strong> contra la imagen de terceros.<\/li>\r\n\t<li><strong>Introduzcan<\/strong> o difundan en la red virus inform\u00e1ticos o cualesquiera otros sistemas f\u00edsicos o l\u00f3gicos que sean susceptibles de provocar da\u00f1os en los sistemas.<\/li>\r\n\t<li><strong>Utilicen<\/strong> las cuentas de correo electr\u00f3nico o datos personales de otros usuarios y modifiquen o manipulen sus mensajes. HATTON EVENTS S.L.L se reserva el derecho a retirar o no publicar todos aquellos comentarios y aportaciones que incumplan con los casos y situaciones anteriormente indicados y especialmente los que vulneren el respeto a la dignidad de la persona, que sean discriminatorios, xen\u00f3fobos, racistas, pornogr\u00e1ficos, que atenten contra la juventud o la infancia, el orden o la seguridad p\u00fablica o que, a su juicio, no resulten adecuados en relaci\u00f3n a nuestro Estado de Derecho. Conforme al r\u00e9gimen previsto por el Art. 16.1 de la Ley 34\/2002, de 11 de julio, de servicios de la sociedad de la informaci\u00f3n y de comercio electr\u00f3nico (LSSI), HATTON EVENTS S.L.L no se hace responsable por la informaci\u00f3n almacenada a petici\u00f3n de los usuarios y en particular respecto a las opiniones expresadas, ni tampoco de la exactitud, calidad, fiabilidad y correcci\u00f3n de la informaci\u00f3n que los usuarios incorporen. No obstante lo anterior, las personas cuyos datos personales est\u00e9n incluidos en comentarios o posts publicados en la Web, podr\u00e1n solicitar, en cualquier momento, la supresi\u00f3n de dichos datos, conforme a lo previsto por el Art. 15 L.O. 3\/2018, de 5 de diciembre, de Protecci\u00f3n de Datos Personales y garant\u00eda de los derechos digitales (LOPDGDD), seg\u00fan se indica en el apartado \u201cDERECHOS DEL INTERESADO\u201d de la Pol\u00edtica de Privacidad.<\/li>\r\n<\/ul>\r\n<strong>4. DATOS DE TERCEROS.<\/strong>&#8211; En el caso de proporcionar datos de car\u00e1cter personal titularidad de terceros, usted manifiesta que cuenta con el consentimiento de los afectados para ello, habi\u00e9ndoles informado previamente del contenido de la presente pol\u00edtica de privacidad as\u00ed como del uso que se har\u00e1 de dichos datos por parte de nuestra agencia.\r\n\r\n<strong>5. COOKIES Y DATOS DE NAVEGACI\u00d3N.<\/strong>&#8211; Las cookies que empleamos son an\u00f3nimas y no nos permite por s\u00ed solas identificar a un usuario concreto. S\u00f3lo en caso de que un usuario est\u00e9 identificado en la web, se le podr\u00eda asociar la informaci\u00f3n obtenida a trav\u00e9s de dichas cookies. Utilizamos cookies de \u00edndole t\u00e9cnico necesarios para poder prestar los servicios solicitados por nuestros usuarios, por ejemplo para permitir que el sistema guarde la informaci\u00f3n que proporcionen en cada etapa del proceso de alta. Con la finalidad de optimizar la experiencia de uso de la web, tambi\u00e9n utilizamos cookies para reconocer a nuestros visitantes y usuarios y recordar los par\u00e1metros que fueron elegidos durante sus visitas, por ejemplo para mantener el estado acreditado de los usuarios registrados o el idioma escogido en la primera visita. Igualmente empleamos cookies y tratamos datos generados por la navegaci\u00f3n para realizar estad\u00edsticas y analizar la actividad de la web con la finalidad de mejorar su contenido y ajustarlo a las preferencias de nuestros visitantes.[\/et_pb_text][\/et_pb_column][\/et_pb_row][\/et_pb_section]\r\n","protected":false},"excerpt":{"rendered":"<p>Pol\u00edtica de privacidadHatton events travels informa sobre los ficheros y tratamientosConforme a la Ley Org\u00e1nica 3\/2018, de 5 de diciembre, de Protecci\u00f3n de Datos Personales y garant\u00eda de los derechos digitales (LOPDGDD), y al Reglamento (UE) del Parlamento Europeo y del Consejo de 27 de abril de 2016 relativo a la protecci\u00f3n de las personas [&hellip;]<\/p>\n","protected":false},"author":3,"featured_media":0,"parent":0,"menu_order":0,"comment_status":"closed","ping_status":"closed","template":"","meta":{"_et_pb_use_builder":"on","_et_pb_old_content":"","_et_gb_content_width":"","inline_featured_image":false,"footnotes":""},"class_list":["post-2093","page","type-page","status-publish","hentry"],"acf":[],"_links":{"self":[{"href":"https:\/\/mice.hattonlive.com\/en\/wp-json\/wp\/v2\/pages\/2093","targetHints":{"allow":["GET"]}}],"collection":[{"href":"https:\/\/mice.hattonlive.com\/en\/wp-json\/wp\/v2\/pages"}],"about":[{"href":"https:\/\/mice.hattonlive.com\/en\/wp-json\/wp\/v2\/types\/page"}],"author":[{"embeddable":true,"href":"https:\/\/mice.hattonlive.com\/en\/wp-json\/wp\/v2\/users\/3"}],"replies":[{"embeddable":true,"href":"https:\/\/mice.hattonlive.com\/en\/wp-json\/wp\/v2\/comments?post=2093"}],"version-history":[{"count":1,"href":"https:\/\/mice.hattonlive.com\/en\/wp-json\/wp\/v2\/pages\/2093\/revisions"}],"predecessor-version":[{"id":2339,"href":"https:\/\/mice.hattonlive.com\/en\/wp-json\/wp\/v2\/pages\/2093\/revisions\/2339"}],"wp:attachment":[{"href":"https:\/\/mice.hattonlive.com\/en\/wp-json\/wp\/v2\/media?parent=2093"}],"curies":[{"name":"wp","href":"https:\/\/api.w.org\/{rel}","templated":true}]}}